{"id":7,"date":"2023-03-14T12:47:23","date_gmt":"2023-03-14T12:47:23","guid":{"rendered":"http:\/\/icec23.cs.unibo.it\/?page_id=7"},"modified":"2024-01-24T09:50:32","modified_gmt":"2024-01-24T08:50:32","slug":"the-22nd-ifip-international-conference-on-entertainment-computing","status":"publish","type":"page","link":"https:\/\/icec23.cs.unibo.it\/","title":{"rendered":"The 22nd IFIP International Conference on Entertainment Computing"},"content":{"rendered":"\n<p class=\"has-text-align-center\"><p class=\"has-text-align-center\" style=\"color:#FF0000\"><strong><em>See you next year for <a href=\"https:\/\/icec2024.uea.edu.br\/\" data-type=\"link\" data-id=\"https:\/\/icec2024.uea.edu.br\/\">ICEC 2024<\/a> at Manaus\/Amazonas, Brazil from September 30th to October 3rd!<\/em><\/strong><\/p><\/p>\n\n\n\n<p>Date: <strong>November 15-17, 2023<\/strong><br>Location: <strong>Bologna, Italy<\/strong><\/p>\n\n\n\n<p><\/p>\n\n\n\n<p>The 22nd International Federation for Information Processing \u2013 International Conference on Entertainment Computing (IFIP-ICEC 2023) will be held in Bologna, Italy on 15-17 November.<\/p>\n\n\n\n<p>The conference is organized by the IFIP TC14 \u2013 Entertainment Computing Technical Committee, and will be hosted by the University of Bologna.<\/p>\n\n\n\n<p>IFIP-ICEC is the longest lasting and prime scientific conference series in the area of Entertainment Computing. It brings together practitioners, researchers, artists, designers, and industry on the design, creation, development, use, application and evaluation of digital entertainment content and experience systems. This event covers a diverse array of related research issues, including interactive art, game-based learning, XR technologies and ethical considerations associated with entertainment.<\/p>\n\n\n\n<p><strong>Proceedings are freely available until 13 Dec 2023 at: <a href=\"https:\/\/link.springer.com\/book\/10.1007\/978-981-99-8248-6\">https:\/\/link.springer.com\/book\/10.1007\/978-981-99-8248-6<\/a><\/strong><\/p>\n\n\n\n<h2 class=\"wp-block-heading\">Important dates<\/h2>\n\n\n\n<p>We invite submissions under the following categories (deadlines):<\/p>\n\n\n\n<p>Workshop proposals (<s>April 3<\/s> <strong>extended<\/strong> April 16)<br>Full Research Papers (<s>May 22<\/s> <strong>extended<\/strong> June 5)<br>Works-in-Progress (<s>June 5<\/s> <strong>extended<\/strong> June 21)<br>Interactive Entertainment \/ Experiential works (<s>June 7<\/s> <strong>extended<\/strong> June 30)<br>Tutorial proposals (<s>June 7<\/s> <strong>extended<\/strong> June 23)<br>Submissions to Student Competition (<s>June 7<\/s> <strong>extended<\/strong> June 30)<\/p>\n\n\n\n<p>Notifications to authors:<br>Full Research Papers (<s>June 20<\/s> July 7)<br>Other tracks (<s>June 28<\/s> July 14)<\/p>\n\n\n\n<p>\u201cCamera ready\u201d (<s>July 1<\/s>2 July 30)<\/p>\n\n\n\n<p><\/p>\n\n\n\n<p>Submissions to Doctoral Consortium: October 11<br>Late Submissions to Student Competition: October 11 (not in time for the proceedings) <br>Late Submissions to Workshops: October 11 (not in time for the proceedings)<\/p>\n\n\n\n<p>All accepted papers will be indexed by EI, and be published in book form in the Springer Lecture Notes in Computer Science (LNCS) series.<br><br>In order for a paper to be published in the proceedings, at least one author has to register and present at the conference.<\/p>\n\n\n\n<h2 class=\"wp-block-heading\">Aims<\/h2>\n\n\n\n<p>IFIP TC14 aims to encourage research, development and sharing of innovative ideas, models and practices, on computer applications in entertainment.<br>To enhance computation and use studies in this field, the technical program committee invites original submissions.<\/p>\n\n\n\n<h4 class=\"wp-block-heading\">Topics<\/h4>\n\n\n\n<p>Topics can include but are not limited to:<\/p>\n\n\n\n<p><strong>Design and Analysis<\/strong><br>Game Design: Theory, Creation &amp; Testing<br>Interactive Narratives &amp; Digital Storytelling<br>Entertainment Robots, Toys &amp; Smart Gadgets<br>Social Media \/ Social Computing Entertainment<br>New Genres of Interactive &amp; Digital Entertainment<\/p>\n\n\n\n<p><strong>Digital Art &amp; Installations<\/strong><br>Controllers for Musical Expression<br>Music Collaboration Tools<br>Public Interactive Art Installations<br>Interactive Art, Performance and Novel Interactions<\/p>\n\n\n\n<p><strong>XR Entertainment<\/strong><br>Virtual\/Augmented\/Mixed Reality &amp; Games<br>Ubiquitous\/Pervasive Entertainment<br>TransMedia Storytelling<br>Metaverse Entertainment<\/p>\n\n\n\n<p><strong>Serious Games<\/strong><br>Games for Learning, Health &amp; Well-Being<br>Games For Change &amp; Social Impact Games<br>Exergaming<br>Advergames and Digital Marketing<\/p>\n\n\n\n<p><strong>Inclusivity of Gaming and Interactive Entertainment<\/strong><br>Game Accessibility Hardware<br>Guidelines for Inclusive Design<br>Special Needs Considerations<br>Theoretical Foundations and Ethical Issues<\/p>\n\n\n\n<p><strong>Experiential Aspects in Entertainment<\/strong><br>Emotions and Affective Interaction<br>Theoretical Basis of Entertainment<br>Social \/ Cultural Impacts of Digital Entertainment<br>Entertainment for Purpose &amp; Persuasion<\/p>\n\n\n\n<p><strong>Computational Methodologies for Entertainment<\/strong><br>Artificial Intelligence &amp; Machine Learning for Entertainment<br>Procedural Content Generation<br>Computer Graphics &amp; Visual Effects<br>Big Data in Entertainment<br>Security &amp; Privacy in Entertainment<\/p>\n\n\n\n<p><strong>Algorithmic research on board and card games<\/strong><br>New types of entertainment using information technologies<br>Hardware technology research and development to implement entertainment systems<br>Non-traditional human interface technologies for entertainment<\/p>\n\n\n\n<h2 class=\"wp-block-heading\">Calls for Submissions<\/h2>\n\n\n\n<h3 class=\"wp-block-heading\">Full Research Papers<\/h3>\n\n\n\n<p>Chairs: Helmut Hlavacs, Univ. of Vienna, AUSTRIA and Angelo Di Iorio, Univ. of Bologna, Italy<\/p>\n\n\n\n<p>Full papers are the main media for presenting high impact, mature research with original new results. Submissions should describe novel unpublished work addressing one or more of the research topics listed. All technical papers will be published in the official Springer LNCS proceedings. Papers must be submitted using the Springer LNCS format.<\/p>\n\n\n\n<p>Paper length should reflect the contribution and maturity of the submission and reviewers from the program committee will be instructed to judge the contribution of a paper relative to its length. For example, typical contributions presenting significant research advances\/results should not exceed 12 pages in length excluding references (Full Technical Papers). In addition, videos are encouraged and can be included in the paper or as Electronic Supplementary Material.<br>See the Springer LNCS guidelines on how to include these. The committee may accept submissions conditionally or route them for a different category, when appropriate, and consult with authors to adjust their paper according to the review needs. Accepted papers will be scheduled for long presentations and discussion at the conference.<\/p>\n\n\n\n<h3 class=\"wp-block-heading\">Works in Progress<\/h3>\n\n\n\n<p>Chairs: Erik van der Spek Eindhoven, University of Technology and Andrea Nuzzolese, National Research Council of Italy<\/p>\n\n\n\n<p>Work in Progress (WiP) contributions provide an opportunity to present late-breaking work, new experimental projects, research in early phases or with more limited scope than typical full papers. A WiP submission is a shorter submission describing the research problem, contribution, and value to the community, submitted as a PDF file. Accepted papers will be included into the official Springer LNCS proceedings and will be scheduled for presentation and discussion at the conference.<\/p>\n\n\n\n<p>WiP submissions should not exceed 8 pages in length, excl. references, in Springer LNCS format. Submissions with exceeding length relative to their contribution can be rejected. The committee may accept submissions conditionally or route them for a different category, when appropriate, and consult with authors to adjust their paper according to the review needs.<\/p>\n\n\n\n<h3 class=\"wp-block-heading\">Workshops and Tutorials<\/h3>\n\n\n\n<p>We invite proposals for workshops and tutorials that will be held at IFIP-ICEC 2023.<\/p>\n\n\n\n<h4 class=\"wp-block-heading\">Workshops<\/h4>\n\n\n\n<p>Chairs: Jannicke Baalsrud Hauge KTH Royal Institute of Technology Sweden and Barbara Goebl University of Wien Austria<\/p>\n\n\n\n<p>We invite proposals in all areas of entertainment computing and serious games research (see conference topics listed above) and particularly welcome proposals<br>that will focus on and promote discussion on new and emerging trends in these areas. Workshop proposals must include the following information:<\/p>\n\n\n\n<p>\u2013 Workshop or tutorial title and short abstract (max. 50 words)<br>\u2013 Workshop summary, short review of state of the art, motivation and goals<br>\u2013 Workshop format (an activity plan and its rationale towards the goals)<br>\u2013 Workshop format for participant enrollment (e.g. position papers, prior expression of interest, or other applicable requirement for planning and organization);<br>\u2013 Profile of participants (and estimated number of participants)<br>\u2013 Contact of the organizers (name, affiliation, address, phone#, email);<br>\u2013 Short but relevant bio information of the organizers;<br>\u2013 Expected workshop outcomes (proceedings, special issue of journals, project proposals, etc.);<br>\u2013 Proposed workshop due dates (take into consideration conference schedules); workshops can be scheduled for either half a day (4h) or a full day (8h).<br>\u2013 Workshops are open to all IFIP-ICEC attendees at no additional cost, even if not submitting contributions.<\/p>\n\n\n\n<p>Submissions need to adhere to the stated workshop proposal deadline. Additionally, to be considered for inclusion in the conference proceedings, authors of workshop proposals may also submit a 6 page (maximum, excl. references) paper in the Springer LNCS format, observing the deadline for full paper submission. Regular workshop proposals will not be included in the proceedings.<\/p>\n\n\n\n<h4 class=\"wp-block-heading\">Tutorials<\/h4>\n\n\n\n<p>Chairs: Allegra De Filippo<\/p>\n\n\n\n<p>We invite proposals for tutorials that will be held in conjunction with ICEC 2023. We invite proposals in all areas of entertainment computing (see conference topics listed above) and particularly welcome proposals that will focus on and promote discussion on new and emerging trends. Tutorial proposals should be two pages in length and must include the following information:<\/p>\n\n\n\n<p>\u2013 Contact information (name, affiliation, address, phone number and email) of the tutorial organizer(s);<br>\u2013 Relevant CV information of the tutorial leader(s);<br>\u2013 Tutorial title;<br>\u2013 Tutorial objective;<br>\u2013 Background\/relevance of tutorial topic;<br>\u2013 Intended duration (3h or 6h); and<br>\u2013 Brief summary of the content.<br><\/p>\n\n\n\n<p>To be considered for inclusion in the conference proceedings, authors of tutorial proposals may also submit a 6 page (maximum) paper in the Springer LNCS<br>format, observing the deadline for full paper submission. Regular tutorial proposals will not be included in the proceedings.<\/p>\n\n\n\n<h3 class=\"wp-block-heading\">Interactive Entertainment \/ Experiential Works<\/h3>\n\n\n\n<p>Chairs: Jerome Dupire CNAM Paris and Andrea Poltronieri Univ of Bologna<\/p>\n\n\n\n<p>Interactive demonstrations, installations and games show early implementations of novel, interesting, and important entertainment computing concepts, systems, installations or games, or can serve to showcase results not previously described in the research literature.<\/p>\n\n\n\n<p>Both research and industry is encouraged to send in and showcase demonstrators of novel approaches to entertainment. We particularly encourage demonstrations with which attendees can interact and play.<\/p>\n\n\n\n<p>Demonstration, installation, or a game submission is a shorter submission describing a novel approach to entertainment computing concepts. The submissions will be peer-reviewed and should be composed of a document with 4-5 pages using Springer LNCS format, and structured as follows: (1) up to four pages for an extended abstract and (2) a final page that contains the link to an online video, a list of technical requirements (including electrical and connectivity needs), and physical space requirements (including display and footprint needs). Successful submissions will be included in the conference proceedings.<\/p>\n\n\n\n<p>The extended abstract should be written according to the underlying structure of the structured abstract and must be clear, straightforward, and easy to understand. The extended abstract must contain the following sections: abstract and keywords, introduction, methodology, findings, conclusion, and references.<\/p>\n\n\n\n<p>Sections can be named differently, and subsections can be included. Supporting figures, tables and images of the results may be included in the extended abstract.<\/p>\n\n\n\n<p>By default, demos and games will have a table, chairs and internet connection available. By their nature, interactive installations are intended for larger, potentially public spaces. We will try to accommodate for the needs of these types of installations, but please include a minimal set-up so that we know the range of requirements that we will need to meet. Successful authors of demonstration\/installation submissions will be contacted by the chair to confirm the availability of the requested resources. The abstract, digital video and requirements supplement must be submitted electronically.<\/p>\n\n\n\n<h3 class=\"wp-block-heading\">Student Game and Interactive Entertainment Competition<\/h3>\n\n\n\n<p>Chairs: Erik van der Spek and Mara Dionisio<\/p>\n\n\n\n<p>Next to the Interactive Entertainment expo, IFIP-ICEC 2023 also organizes a competition for student games and interactive entertainment. All students up to and including PhD candidate level are eligible to send in their game or interactive entertainment installation, as long as the demonstrator is fully experiential, and the demonstrator is part of a research endeavor. This could be a platform to perform research with, a research through design contribution, or a design exemplar of something that advances the state of the art, but the paper detailing the game or interactive entertainment installation should make clear what the development of it may add to our knowledge of games and entertainment. For PhD candidates, this could be a good venue to have the artifact contribution of your game peer reviewed and published in official proceedings.<\/p>\n\n\n\n<p>Submissions to the game and interactive entertainment competition should be done in a 4-6 page extended abstract in Springer LNCS format, that among others clearly describes the research goal, a description of the experience of the demonstrator with pictures, and how the demonstrator advances the state of the art.<\/p>\n\n\n\n<p>Submissions furthermore require a video of at least 1:30 minutes that clearly shows the experience of the game or interactive entertainment installation. A download link to the executable in case of a game is highly appreciated. Teamwork is allowed, as long as the total amount of work into the game or installation does not exceed 48 person-months.<\/p>\n\n\n\n<p>At least one of the student authors on the paper needs to register and be physically present at the conference to showcase the game or installation in order to have a chance at winning the competition. A jury of experts is formed at the conference to select the winner, and the winner will be announced at the end of the conference.<\/p>\n\n\n\n<p>There are two submission moments for the student competition. In order to be eligible for the proceedings, you have to submit your paper by the early submission deadline. If you want to participate in the competition without a conference proceedings paper, there is also a late submission deadline.<\/p>\n\n\n\n<h3 class=\"wp-block-heading\">Doctoral Consortium<\/h3>\n\n\n\n<p>Chair: Esteban Clua<\/p>\n\n\n\n<p>The Doctoral Consortium provides an opportunity for doctoral students to explore and develop their research interests in an interdisciplinary workshop, under the guidance of a panel of distinguished researchers in entertainment computing and\/or serious games. We invite students who feel they would benefit from this kind of feedback on their dissertation work to apply for this unique opportunity to share their work with students in a similar situation as well as senior researchers in the field. The strongest candidates will be those who have a clear idea and an area, and have made some progress, but who are not so far along that they can no longer make changes. Also, as well as stating how you will gain from acceptance, both you and your advisor should be clear on what you can contribute to the Doctoral Consortium.<\/p>\n\n\n\n<p>The Consortium will provide a supportive setting for feedback on students\u2019 current research and guidance on future research directions. It will also offer each student comments and fresh perspectives on their work from researchers and students outside their own institution and promote the development of a supportive community of scholars and a spirit of collaborative research.<br>Current graduate students pursuing a PhD project who would benefit from detailed workshop discussions of their doctoral research should submit a single PDF file consisting of a 4-page extended abstract of your thesis work in Springer LNCS format, clearly specifying the originality of the work with respect to current concepts and techniques, the importance of the work with respect to fundamental issues and themes in entertainment computing, results to date and their validity and contribution of the work (expected and\/or achieved) to entertainment computing and\/or serious games.<\/p>\n\n\n\n<p>Candidates must also send a biographical note, the sponsor or project grant name (if applicable), and affiliation, as well as a one-paragraph statement of expected benefits of participation for both yourself and the other consortium participants (i.e., what will you contribute as well as gain).<\/p>\n\n\n\n<h2 class=\"wp-block-heading\">Organization<\/h2>\n\n\n\n<p><strong>Contacts<\/strong><br><a href=\"mailto:icec23@cs.unibo.it\">icec23@cs.unibo.it<\/a><\/p>\n\n\n\n<p><strong>Scientific Committees chairs<\/strong><\/p>\n\n\n\n<p>Program Chairs: Helmut Hlavacs and Angelo Di Iorio<br>Work in progress chairs: Erik van der Spek and Andrea Nuzzolese<br>Workshops Chairs: Jannicke Baalsrud Hauge and Barbara Goebl<br>Tutorial Chairs: Allegra De Filippo<br>Interactive Entertainment \/ Experiential Works Chair: Jerome Dupire and Andrea Poltronieri<br>Student Game and Interactive Entertainment Competition Chair: Erik van der Spek and Mara Dionisio<br>Doctoral consortium: Esteban Clua<\/p>\n\n\n\n<p><strong>Conference Organization chairs<\/strong><\/p>\n\n\n\n<p>General Chair: Paolo Ciancarini<br>Local Chair: Andrea Poltronieri<br>Proceedings Chair: Francesco Poggi<br>Publicity Chair: Marco Ferrati<\/p>\n\n\n\n<p><strong>Steering Committee<br><\/strong>Jannicke Baalsrud Hauge (KTH, Sweden)<br>Jorge Cardoso (University of Coimbra, Portugal)<br>Esteban Clua (Federal Fluminense University, Brazil)<br>Rainer Malaka (University of Bremen, Germany)<br>Erik van der Spek (Eindhoven University of Technology, Netherlands)<\/p>\n\n\n\n<p><strong>Program Committee<\/strong><br>Matthew Barr (University of Glasgow)<br>Barbara Rita Barricelli (Universit\u00e0 degli Studi di Brescia)<br>Nicole Basaraba (Maastricht University)<br>Regina Bernhaupt (Ruwido Austria)<br>Fernando Birra (Universidade NOVA de Lisboa)<br>Joseph Alexander Brown (Thompson Rivers University)<br>Carlos Caires (University of Saint Joseph)<br>Elin Carstensdottir (University of California Santa Cruz)<br>Jo\u00e3o Cordeiro (School of Arts, Portuguese Catholic University)<br>Nuno Correia (Universidade NOVA de Lisboa)<br>Drew Davidson (Carnegie Mellon University)<br>Erik Van Der spek (Eindhoven University of Technology)<br>Mara Dionisio (University of Madeira | ITI\/LARSYS)<br>Ralf Doerner (RheinMain University of Applied Sciences)<br>Heiko Duin (BIBA &#8211; Bremer Institut f\u00fcr Produktion und Logistik GmbH at the University Bremen)<br>Kai Erenli (UAS bfi Vienna)<br>Gerald Estadieu (Faculty of Arts and Humanities, University of Saint Joseph)<br>Pablo Figueroa (Universidad de los Andes)<br>Mateus Finco (Universidade Federal do Rio Grande do Sul)<br>Stefan Goebel (TU Darmstadt)<br>Pedro Gonz\u00e1lez Calero (Universidad Polit\u00e9cnica de Madrid)<br>Robin Horst (RheinMain University of Applied Sciences)<br>Hiroyuki Iida (JAIST)<br>Naoya Isoyama (Otsuma Women&#8217;s University)<br>Jinyuan Jia (Tongji University)<br>Philipp Jordan (University of Hawaii at Manoa)<br>Nicolas Jouandeau (Paris8 University)<br>Mohd Nor Akmal Khalid (Japan Advanced Institute of Science and Technology)<br>Christoph Klimmt (Department of Journalism and Communication Research, Hanover University of Music, Drama, and Media)<br>Kei Kobayashi (Nagoya City University)<br>Troy Kohwalter (Universidade Federal Fluminense (UFF))<br>Sahra Kunz (Escola das Artes &#8211; Universidade Cat\u00f3lica Portuguesa)<br>Michael Lankes (Upper Austria University of Applied Sciences \/ Hagenberg)<br>Sheng Li (Peking University)<br>Jingya Li (Beijing Jiaotong University)<br>Qingde Li (University of Hull)<br>Penousal Machado (University of Coimbra, CISUC, DEI and LASI)<br>Delfina Sol Martinez Pandiani (University of Bologna)<br>Filipa Martins de Abreu (CITAR Research Center for Science and Technology of the Arts, Porto, Portugal)<br>Andr\u00e9 Miede (Hochschule f\u00fcr Technik und Wirtschaft des Saarlandes)<br>Michela Mortara (CNR IMATI Genova)<br>Wolfgang Mueller (University of Education Weingarten)<br>Carla Patr\u00e3o (University of Coimbra)<br>Andre Perrotta (Centre for Informatics and Systems of the University of Coimbra (CISUC))<br>Johannes Pfau (Universit\u00e4t Bremen)<br>Maria Popescu (Carol I National Defence University)<br>Kjetil Raaen (H\u00f8yskolen Kristiania)<br>Theresa-Marie Rhyne (Consultant)<br>Teresa Rom\u00e3o (Faculdade de Ci\u00eancias e Tecnologia\/Universidade NOVA de Lisboa (FCT\/UNL))<br>Licinio Roque (University of Coimbra)<br>Che Mat Ruzinoor (Uniersiti Putra Malaysia)<br>Anthony Savidis (Department of Computer Science, University of Crete and ICS-FORTH)<br>Andreas Scalas (CNR IMATI Genova)<br>Nikitas Sgouros (University of Piraeus, Dept. of Digital Systems)<br>Edirlei Soares de Lima (Universidade Europeia &#8211; IADE)<br>Ioana Andreea Stefan (Advanced Technology Systems)<br>Elif Surer (Middle East Technical University)<br>Cristina Sylla (University of Minho; Research Centre on Child Studies; ITI &#8211; LARSyS)<br>L\u00e1szl\u00f3 Sz\u00e9csi (Budapest University of Technology and Economics)<br>Heinrich S\u00f6bke (Bauhaus-Universit\u00e4t Weimar)<br>Daniel Thalmann (Ecole Polytechnique F\u00e9d\u00e9rale de Lausanne)<br>Zhang Ting (Zhejiang University, China)<br>Mai Xuan Trang (Phenikaa University)<br>Kai Tuuri (University of Jyv\u00e4skyl\u00e4)<br>Xiaosong Yang (Bournemouth University)<br>Cheng Yao (Zhejiang University)<br>Nelson Zagalo (University of Aveiro)<br>Leijing Zhou (Zhejiang University)<\/p>\n","protected":false},"excerpt":{"rendered":"<p>See you next year for ICEC 2024 at Manaus\/Amazonas, Brazil from September 30th to October 3rd! Date: November 15-17, 2023Location: Bologna, Italy The 22nd International Federation for Information Processing \u2013 International Conference on Entertainment Computing (IFIP-ICEC 2023) will be held in Bologna, Italy on 15-17 November. The conference is organized by the IFIP TC14 \u2013 [&hellip;]<\/p>\n","protected":false},"author":1,"featured_media":41,"parent":0,"menu_order":0,"comment_status":"closed","ping_status":"closed","template":"","meta":{"footnotes":""},"class_list":["post-7","page","type-page","status-publish","has-post-thumbnail","hentry"],"_links":{"self":[{"href":"https:\/\/icec23.cs.unibo.it\/index.php?rest_route=\/wp\/v2\/pages\/7","targetHints":{"allow":["GET"]}}],"collection":[{"href":"https:\/\/icec23.cs.unibo.it\/index.php?rest_route=\/wp\/v2\/pages"}],"about":[{"href":"https:\/\/icec23.cs.unibo.it\/index.php?rest_route=\/wp\/v2\/types\/page"}],"author":[{"embeddable":true,"href":"https:\/\/icec23.cs.unibo.it\/index.php?rest_route=\/wp\/v2\/users\/1"}],"replies":[{"embeddable":true,"href":"https:\/\/icec23.cs.unibo.it\/index.php?rest_route=%2Fwp%2Fv2%2Fcomments&post=7"}],"version-history":[{"count":38,"href":"https:\/\/icec23.cs.unibo.it\/index.php?rest_route=\/wp\/v2\/pages\/7\/revisions"}],"predecessor-version":[{"id":377,"href":"https:\/\/icec23.cs.unibo.it\/index.php?rest_route=\/wp\/v2\/pages\/7\/revisions\/377"}],"wp:featuredmedia":[{"embeddable":true,"href":"https:\/\/icec23.cs.unibo.it\/index.php?rest_route=\/wp\/v2\/media\/41"}],"wp:attachment":[{"href":"https:\/\/icec23.cs.unibo.it\/index.php?rest_route=%2Fwp%2Fv2%2Fmedia&parent=7"}],"curies":[{"name":"wp","href":"https:\/\/api.w.org\/{rel}","templated":true}]}}